{"id":131,"date":"2019-09-12T17:25:25","date_gmt":"2019-09-12T15:25:25","guid":{"rendered":"http:\/\/borisraoult.com\/?page_id=131"},"modified":"2024-05-26T11:42:54","modified_gmt":"2024-05-26T09:42:54","slug":"abstrait-1","status":"publish","type":"page","link":"https:\/\/borisraoult.com\/index.php\/abstrait-1\/","title":{"rendered":"Ensemble abstrait"},"content":{"rendered":"\n<p>Ensemble de 200+n peintures abstraites, g\u00e9n\u00e9ralement sur toile avec de la peinture acrylique. Elles sont un travail sur l&#8217;agencement structurel des Choses entre-elles. G\u00e9om\u00e9triques ou non, elles ont en commun l&#8217;usage pr\u00e9f\u00e9r\u00e9 de la couche plut\u00f4t que celui du trait.<\/p>\n\n\n\n<figure class=\"wp-block-image size-large\"><img loading=\"lazy\" decoding=\"async\" width=\"1024\" height=\"576\" src=\"https:\/\/borisraoult.com\/wp-content\/uploads\/2024\/05\/bloo-1024x576.jpg\" alt=\"\" class=\"wp-image-267\" srcset=\"https:\/\/borisraoult.com\/wp-content\/uploads\/2024\/05\/bloo-1024x576.jpg 1024w, https:\/\/borisraoult.com\/wp-content\/uploads\/2024\/05\/bloo-300x169.jpg 300w, https:\/\/borisraoult.com\/wp-content\/uploads\/2024\/05\/bloo-768x432.jpg 768w, https:\/\/borisraoult.com\/wp-content\/uploads\/2024\/05\/bloo-1536x864.jpg 1536w, https:\/\/borisraoult.com\/wp-content\/uploads\/2024\/05\/bloo-2048x1152.jpg 2048w, https:\/\/borisraoult.com\/wp-content\/uploads\/2024\/05\/bloo-24x13.jpg 24w, https:\/\/borisraoult.com\/wp-content\/uploads\/2024\/05\/bloo-36x20.jpg 36w, https:\/\/borisraoult.com\/wp-content\/uploads\/2024\/05\/bloo-48x27.jpg 48w\" sizes=\"(max-width: 767px) 89vw, (max-width: 1000px) 54vw, (max-width: 1071px) 543px, 580px\" \/><\/figure>\n\n\n\n<figure class=\"wp-block-image size-large\"><img loading=\"lazy\" decoding=\"async\" width=\"1024\" height=\"683\" src=\"https:\/\/borisraoult.com\/wp-content\/uploads\/2024\/05\/DSC_6693-1024x683.jpg\" alt=\"\" class=\"wp-image-268\" srcset=\"https:\/\/borisraoult.com\/wp-content\/uploads\/2024\/05\/DSC_6693-1024x683.jpg 1024w, https:\/\/borisraoult.com\/wp-content\/uploads\/2024\/05\/DSC_6693-300x200.jpg 300w, https:\/\/borisraoult.com\/wp-content\/uploads\/2024\/05\/DSC_6693-768x512.jpg 768w, https:\/\/borisraoult.com\/wp-content\/uploads\/2024\/05\/DSC_6693-1536x1025.jpg 1536w, https:\/\/borisraoult.com\/wp-content\/uploads\/2024\/05\/DSC_6693-2048x1367.jpg 2048w, https:\/\/borisraoult.com\/wp-content\/uploads\/2024\/05\/DSC_6693-24x16.jpg 24w, https:\/\/borisraoult.com\/wp-content\/uploads\/2024\/05\/DSC_6693-36x24.jpg 36w, https:\/\/borisraoult.com\/wp-content\/uploads\/2024\/05\/DSC_6693-48x32.jpg 48w\" sizes=\"(max-width: 767px) 89vw, (max-width: 1000px) 54vw, (max-width: 1071px) 543px, 580px\" \/><\/figure>\n\n\n\n<figure class=\"wp-block-image size-large\"><img loading=\"lazy\" decoding=\"async\" width=\"576\" height=\"1024\" src=\"https:\/\/borisraoult.com\/wp-content\/uploads\/2024\/05\/DSC_6837-576x1024.jpg\" alt=\"\" class=\"wp-image-269\" srcset=\"https:\/\/borisraoult.com\/wp-content\/uploads\/2024\/05\/DSC_6837-576x1024.jpg 576w, https:\/\/borisraoult.com\/wp-content\/uploads\/2024\/05\/DSC_6837-169x300.jpg 169w, https:\/\/borisraoult.com\/wp-content\/uploads\/2024\/05\/DSC_6837-768x1366.jpg 768w, https:\/\/borisraoult.com\/wp-content\/uploads\/2024\/05\/DSC_6837-864x1536.jpg 864w, https:\/\/borisraoult.com\/wp-content\/uploads\/2024\/05\/DSC_6837-1152x2048.jpg 1152w, https:\/\/borisraoult.com\/wp-content\/uploads\/2024\/05\/DSC_6837-13x24.jpg 13w, https:\/\/borisraoult.com\/wp-content\/uploads\/2024\/05\/DSC_6837-20x36.jpg 20w, https:\/\/borisraoult.com\/wp-content\/uploads\/2024\/05\/DSC_6837-27x48.jpg 27w, https:\/\/borisraoult.com\/wp-content\/uploads\/2024\/05\/DSC_6837-scaled.jpg 1439w\" sizes=\"(max-width: 576px) 100vw, 576px\" \/><\/figure>\n\n\n\n<figure class=\"wp-block-image size-large is-resized\"><img loading=\"lazy\" decoding=\"async\" width=\"1024\" height=\"683\" src=\"https:\/\/borisraoult.com\/wp-content\/uploads\/2024\/05\/avtrepent-1024x683.jpg\" alt=\"\" class=\"wp-image-266\" style=\"width:674px;height:auto\" srcset=\"https:\/\/borisraoult.com\/wp-content\/uploads\/2024\/05\/avtrepent-1024x683.jpg 1024w, https:\/\/borisraoult.com\/wp-content\/uploads\/2024\/05\/avtrepent-300x200.jpg 300w, https:\/\/borisraoult.com\/wp-content\/uploads\/2024\/05\/avtrepent-768x512.jpg 768w, https:\/\/borisraoult.com\/wp-content\/uploads\/2024\/05\/avtrepent-1536x1025.jpg 1536w, https:\/\/borisraoult.com\/wp-content\/uploads\/2024\/05\/avtrepent-2048x1367.jpg 2048w, https:\/\/borisraoult.com\/wp-content\/uploads\/2024\/05\/avtrepent-24x16.jpg 24w, https:\/\/borisraoult.com\/wp-content\/uploads\/2024\/05\/avtrepent-36x24.jpg 36w, https:\/\/borisraoult.com\/wp-content\/uploads\/2024\/05\/avtrepent-48x32.jpg 48w\" sizes=\"(max-width: 767px) 89vw, (max-width: 1000px) 54vw, (max-width: 1071px) 543px, 580px\" \/><\/figure>\n\n\n\n<figure class=\"wp-block-image\"><img loading=\"lazy\" decoding=\"async\" width=\"835\" height=\"1024\" src=\"http:\/\/borisraoult.com\/wp-content\/uploads\/2019\/10\/serie-abstrait-1-borisraoult-1-835x1024.jpg\" alt=\"\" class=\"wp-image-178\" srcset=\"https:\/\/borisraoult.com\/wp-content\/uploads\/2019\/10\/serie-abstrait-1-borisraoult-1-835x1024.jpg 835w, https:\/\/borisraoult.com\/wp-content\/uploads\/2019\/10\/serie-abstrait-1-borisraoult-1-245x300.jpg 245w, https:\/\/borisraoult.com\/wp-content\/uploads\/2019\/10\/serie-abstrait-1-borisraoult-1-768x942.jpg 768w\" sizes=\"(max-width: 767px) 89vw, (max-width: 1000px) 54vw, (max-width: 1071px) 543px, 580px\" \/><\/figure>\n\n\n\n<figure class=\"wp-block-image\"><img loading=\"lazy\" decoding=\"async\" width=\"834\" height=\"1024\" src=\"http:\/\/borisraoult.com\/wp-content\/uploads\/2019\/10\/serie-abstrait-1-borisraoult-2-834x1024.jpg\" alt=\"\" class=\"wp-image-179\" srcset=\"https:\/\/borisraoult.com\/wp-content\/uploads\/2019\/10\/serie-abstrait-1-borisraoult-2-834x1024.jpg 834w, https:\/\/borisraoult.com\/wp-content\/uploads\/2019\/10\/serie-abstrait-1-borisraoult-2-244x300.jpg 244w, https:\/\/borisraoult.com\/wp-content\/uploads\/2019\/10\/serie-abstrait-1-borisraoult-2-768x943.jpg 768w\" sizes=\"(max-width: 767px) 89vw, (max-width: 1000px) 54vw, (max-width: 1071px) 543px, 580px\" \/><\/figure>\n\n\n\n<figure class=\"wp-block-image\"><img loading=\"lazy\" decoding=\"async\" width=\"834\" height=\"1024\" src=\"http:\/\/borisraoult.com\/wp-content\/uploads\/2019\/10\/serie-abstrait-1-borisraoult-3-834x1024.jpg\" alt=\"\" class=\"wp-image-180\" srcset=\"https:\/\/borisraoult.com\/wp-content\/uploads\/2019\/10\/serie-abstrait-1-borisraoult-3-834x1024.jpg 834w, https:\/\/borisraoult.com\/wp-content\/uploads\/2019\/10\/serie-abstrait-1-borisraoult-3-244x300.jpg 244w, https:\/\/borisraoult.com\/wp-content\/uploads\/2019\/10\/serie-abstrait-1-borisraoult-3-768x943.jpg 768w\" sizes=\"(max-width: 767px) 89vw, (max-width: 1000px) 54vw, (max-width: 1071px) 543px, 580px\" \/><\/figure>\n\n\n\n<figure class=\"wp-block-image\"><img loading=\"lazy\" decoding=\"async\" width=\"1024\" height=\"656\" src=\"http:\/\/borisraoult.com\/wp-content\/uploads\/2019\/10\/serie-abstrait-1-borisraoult-6-1024x656.jpg\" alt=\"\" class=\"wp-image-183\" srcset=\"https:\/\/borisraoult.com\/wp-content\/uploads\/2019\/10\/serie-abstrait-1-borisraoult-6-1024x656.jpg 1024w, https:\/\/borisraoult.com\/wp-content\/uploads\/2019\/10\/serie-abstrait-1-borisraoult-6-300x192.jpg 300w, https:\/\/borisraoult.com\/wp-content\/uploads\/2019\/10\/serie-abstrait-1-borisraoult-6-768x492.jpg 768w\" sizes=\"(max-width: 767px) 89vw, (max-width: 1000px) 54vw, (max-width: 1071px) 543px, 580px\" \/><\/figure>\n\n\n\n<figure class=\"wp-block-image\"><img loading=\"lazy\" decoding=\"async\" width=\"1024\" height=\"1000\" src=\"http:\/\/borisraoult.com\/wp-content\/uploads\/2019\/10\/serie-abstrait-1-borisraoult-7-1024x1000.jpg\" alt=\"\" class=\"wp-image-184\" srcset=\"https:\/\/borisraoult.com\/wp-content\/uploads\/2019\/10\/serie-abstrait-1-borisraoult-7-1024x1000.jpg 1024w, https:\/\/borisraoult.com\/wp-content\/uploads\/2019\/10\/serie-abstrait-1-borisraoult-7-300x293.jpg 300w, https:\/\/borisraoult.com\/wp-content\/uploads\/2019\/10\/serie-abstrait-1-borisraoult-7-768x750.jpg 768w\" sizes=\"(max-width: 767px) 89vw, (max-width: 1000px) 54vw, (max-width: 1071px) 543px, 580px\" \/><\/figure>\n\n\n\n<figure class=\"wp-block-gallery has-nested-images columns-default is-cropped wp-block-gallery-1 is-layout-flex wp-block-gallery-is-layout-flex\">\n<figure class=\"wp-block-image\"><img loading=\"lazy\" decoding=\"async\" width=\"1024\" height=\"757\" data-id=\"190\" src=\"http:\/\/borisraoult.com\/wp-content\/uploads\/2019\/10\/serie-abstrait-1-borisraoult-12-2-1024x757.jpg\" alt=\"\" class=\"wp-image-190\" srcset=\"https:\/\/borisraoult.com\/wp-content\/uploads\/2019\/10\/serie-abstrait-1-borisraoult-12-2-1024x757.jpg 1024w, https:\/\/borisraoult.com\/wp-content\/uploads\/2019\/10\/serie-abstrait-1-borisraoult-12-2-300x222.jpg 300w, https:\/\/borisraoult.com\/wp-content\/uploads\/2019\/10\/serie-abstrait-1-borisraoult-12-2-768x568.jpg 768w\" sizes=\"(max-width: 767px) 89vw, (max-width: 1000px) 54vw, (max-width: 1071px) 543px, 580px\" \/><\/figure>\n\n\n\n<figure class=\"wp-block-image\"><img loading=\"lazy\" decoding=\"async\" width=\"1024\" height=\"951\" data-id=\"189\" src=\"http:\/\/borisraoult.com\/wp-content\/uploads\/2019\/10\/serie-abstrait-1-borisraoult-12-1-1024x951.jpg\" alt=\"\" class=\"wp-image-189\" srcset=\"https:\/\/borisraoult.com\/wp-content\/uploads\/2019\/10\/serie-abstrait-1-borisraoult-12-1-1024x951.jpg 1024w, https:\/\/borisraoult.com\/wp-content\/uploads\/2019\/10\/serie-abstrait-1-borisraoult-12-1-300x279.jpg 300w, https:\/\/borisraoult.com\/wp-content\/uploads\/2019\/10\/serie-abstrait-1-borisraoult-12-1-768x713.jpg 768w\" sizes=\"(max-width: 767px) 89vw, (max-width: 1000px) 54vw, (max-width: 1071px) 543px, 580px\" \/><\/figure>\n\n\n\n<figure class=\"wp-block-image\"><img loading=\"lazy\" decoding=\"async\" width=\"1024\" height=\"869\" data-id=\"191\" src=\"http:\/\/borisraoult.com\/wp-content\/uploads\/2019\/10\/serie-abstrait-1-borisraoult-12-3-1024x869.jpg\" alt=\"\" class=\"wp-image-191\" srcset=\"https:\/\/borisraoult.com\/wp-content\/uploads\/2019\/10\/serie-abstrait-1-borisraoult-12-3-1024x869.jpg 1024w, https:\/\/borisraoult.com\/wp-content\/uploads\/2019\/10\/serie-abstrait-1-borisraoult-12-3-300x255.jpg 300w, https:\/\/borisraoult.com\/wp-content\/uploads\/2019\/10\/serie-abstrait-1-borisraoult-12-3-768x652.jpg 768w\" sizes=\"(max-width: 767px) 89vw, (max-width: 1000px) 54vw, (max-width: 1071px) 543px, 580px\" \/><\/figure>\n<\/figure>\n\n\n\n<figure class=\"wp-block-image\"><img loading=\"lazy\" decoding=\"async\" width=\"1024\" height=\"1014\" src=\"http:\/\/borisraoult.com\/wp-content\/uploads\/2019\/10\/serie-abstrait-1-borisraoult-15-1024x1014.jpg\" alt=\"\" class=\"wp-image-194\" srcset=\"https:\/\/borisraoult.com\/wp-content\/uploads\/2019\/10\/serie-abstrait-1-borisraoult-15-1024x1014.jpg 1024w, https:\/\/borisraoult.com\/wp-content\/uploads\/2019\/10\/serie-abstrait-1-borisraoult-15-150x150.jpg 150w, https:\/\/borisraoult.com\/wp-content\/uploads\/2019\/10\/serie-abstrait-1-borisraoult-15-300x297.jpg 300w, https:\/\/borisraoult.com\/wp-content\/uploads\/2019\/10\/serie-abstrait-1-borisraoult-15-768x760.jpg 768w, https:\/\/borisraoult.com\/wp-content\/uploads\/2019\/10\/serie-abstrait-1-borisraoult-15-100x100.jpg 100w\" sizes=\"(max-width: 767px) 89vw, (max-width: 1000px) 54vw, (max-width: 1071px) 543px, 580px\" \/><\/figure>\n","protected":false},"excerpt":{"rendered":"<p>Ensemble de 200+n peintures abstraites, g\u00e9n\u00e9ralement sur toile avec de la peinture acrylique. Elles sont un travail sur l&#8217;agencement structurel des Choses entre-elles. G\u00e9om\u00e9triques ou non, elles ont en commun l&#8217;usage pr\u00e9f\u00e9r\u00e9 de la couche plut\u00f4t que celui du trait.<\/p>\n","protected":false},"author":1,"featured_media":0,"parent":0,"menu_order":0,"comment_status":"closed","ping_status":"closed","template":"","meta":{"footnotes":""},"_links":{"self":[{"href":"https:\/\/borisraoult.com\/index.php\/wp-json\/wp\/v2\/pages\/131"}],"collection":[{"href":"https:\/\/borisraoult.com\/index.php\/wp-json\/wp\/v2\/pages"}],"about":[{"href":"https:\/\/borisraoult.com\/index.php\/wp-json\/wp\/v2\/types\/page"}],"author":[{"embeddable":true,"href":"https:\/\/borisraoult.com\/index.php\/wp-json\/wp\/v2\/users\/1"}],"replies":[{"embeddable":true,"href":"https:\/\/borisraoult.com\/index.php\/wp-json\/wp\/v2\/comments?post=131"}],"version-history":[{"count":7,"href":"https:\/\/borisraoult.com\/index.php\/wp-json\/wp\/v2\/pages\/131\/revisions"}],"predecessor-version":[{"id":270,"href":"https:\/\/borisraoult.com\/index.php\/wp-json\/wp\/v2\/pages\/131\/revisions\/270"}],"wp:attachment":[{"href":"https:\/\/borisraoult.com\/index.php\/wp-json\/wp\/v2\/media?parent=131"}],"curies":[{"name":"wp","href":"https:\/\/api.w.org\/{rel}","templated":true}]}}