{"id":273,"date":"2024-05-26T11:45:42","date_gmt":"2024-05-26T09:45:42","guid":{"rendered":"https:\/\/borisraoult.com\/?page_id=273"},"modified":"2024-05-26T11:45:42","modified_gmt":"2024-05-26T09:45:42","slug":"repentir","status":"publish","type":"page","link":"https:\/\/borisraoult.com\/index.php\/repentir\/","title":{"rendered":"Repentir"},"content":{"rendered":"\n<figure class=\"wp-block-image size-large\"><img loading=\"lazy\" decoding=\"async\" width=\"1024\" height=\"576\" src=\"https:\/\/borisraoult.com\/wp-content\/uploads\/2024\/05\/Repentir1-1024x576.jpg\" alt=\"\" class=\"wp-image-274\" srcset=\"https:\/\/borisraoult.com\/wp-content\/uploads\/2024\/05\/Repentir1-1024x576.jpg 1024w, https:\/\/borisraoult.com\/wp-content\/uploads\/2024\/05\/Repentir1-300x169.jpg 300w, https:\/\/borisraoult.com\/wp-content\/uploads\/2024\/05\/Repentir1-768x432.jpg 768w, https:\/\/borisraoult.com\/wp-content\/uploads\/2024\/05\/Repentir1-1536x864.jpg 1536w, https:\/\/borisraoult.com\/wp-content\/uploads\/2024\/05\/Repentir1-2048x1152.jpg 2048w, https:\/\/borisraoult.com\/wp-content\/uploads\/2024\/05\/Repentir1-24x13.jpg 24w, https:\/\/borisraoult.com\/wp-content\/uploads\/2024\/05\/Repentir1-36x20.jpg 36w, https:\/\/borisraoult.com\/wp-content\/uploads\/2024\/05\/Repentir1-48x27.jpg 48w\" sizes=\"(max-width: 767px) 89vw, (max-width: 1000px) 54vw, (max-width: 1071px) 543px, 580px\" \/><\/figure>\n\n\n\n<figure class=\"wp-block-image size-large\"><img loading=\"lazy\" decoding=\"async\" width=\"1024\" height=\"576\" src=\"https:\/\/borisraoult.com\/wp-content\/uploads\/2024\/05\/Repentir2-1024x576.jpg\" alt=\"\" class=\"wp-image-275\" srcset=\"https:\/\/borisraoult.com\/wp-content\/uploads\/2024\/05\/Repentir2-1024x576.jpg 1024w, https:\/\/borisraoult.com\/wp-content\/uploads\/2024\/05\/Repentir2-300x169.jpg 300w, https:\/\/borisraoult.com\/wp-content\/uploads\/2024\/05\/Repentir2-768x432.jpg 768w, https:\/\/borisraoult.com\/wp-content\/uploads\/2024\/05\/Repentir2-1536x864.jpg 1536w, https:\/\/borisraoult.com\/wp-content\/uploads\/2024\/05\/Repentir2-2048x1152.jpg 2048w, https:\/\/borisraoult.com\/wp-content\/uploads\/2024\/05\/Repentir2-24x13.jpg 24w, https:\/\/borisraoult.com\/wp-content\/uploads\/2024\/05\/Repentir2-36x20.jpg 36w, https:\/\/borisraoult.com\/wp-content\/uploads\/2024\/05\/Repentir2-48x27.jpg 48w\" sizes=\"(max-width: 767px) 89vw, (max-width: 1000px) 54vw, (max-width: 1071px) 543px, 580px\" \/><\/figure>\n\n\n\n<figure class=\"wp-block-gallery has-nested-images columns-default is-cropped wp-block-gallery-1 is-layout-flex wp-block-gallery-is-layout-flex\">\n<figure class=\"wp-block-image size-large\"><img loading=\"lazy\" decoding=\"async\" width=\"1024\" height=\"576\" data-id=\"276\" src=\"https:\/\/borisraoult.com\/wp-content\/uploads\/2024\/05\/Repentir3-1024x576.jpg\" alt=\"\" class=\"wp-image-276\" srcset=\"https:\/\/borisraoult.com\/wp-content\/uploads\/2024\/05\/Repentir3-1024x576.jpg 1024w, https:\/\/borisraoult.com\/wp-content\/uploads\/2024\/05\/Repentir3-300x169.jpg 300w, https:\/\/borisraoult.com\/wp-content\/uploads\/2024\/05\/Repentir3-768x432.jpg 768w, https:\/\/borisraoult.com\/wp-content\/uploads\/2024\/05\/Repentir3-1536x864.jpg 1536w, https:\/\/borisraoult.com\/wp-content\/uploads\/2024\/05\/Repentir3-2048x1152.jpg 2048w, https:\/\/borisraoult.com\/wp-content\/uploads\/2024\/05\/Repentir3-24x13.jpg 24w, https:\/\/borisraoult.com\/wp-content\/uploads\/2024\/05\/Repentir3-36x20.jpg 36w, https:\/\/borisraoult.com\/wp-content\/uploads\/2024\/05\/Repentir3-48x27.jpg 48w\" sizes=\"(max-width: 767px) 89vw, (max-width: 1000px) 54vw, (max-width: 1071px) 543px, 580px\" \/><\/figure>\n<\/figure>\n\n\n\n<figure class=\"wp-block-image size-large\"><img loading=\"lazy\" decoding=\"async\" width=\"1024\" height=\"576\" src=\"https:\/\/borisraoult.com\/wp-content\/uploads\/2024\/05\/Repentir4-1024x576.jpg\" alt=\"\" class=\"wp-image-277\" srcset=\"https:\/\/borisraoult.com\/wp-content\/uploads\/2024\/05\/Repentir4-1024x576.jpg 1024w, https:\/\/borisraoult.com\/wp-content\/uploads\/2024\/05\/Repentir4-300x169.jpg 300w, https:\/\/borisraoult.com\/wp-content\/uploads\/2024\/05\/Repentir4-768x432.jpg 768w, https:\/\/borisraoult.com\/wp-content\/uploads\/2024\/05\/Repentir4-1536x864.jpg 1536w, https:\/\/borisraoult.com\/wp-content\/uploads\/2024\/05\/Repentir4-2048x1152.jpg 2048w, https:\/\/borisraoult.com\/wp-content\/uploads\/2024\/05\/Repentir4-24x13.jpg 24w, https:\/\/borisraoult.com\/wp-content\/uploads\/2024\/05\/Repentir4-36x20.jpg 36w, https:\/\/borisraoult.com\/wp-content\/uploads\/2024\/05\/Repentir4-48x27.jpg 48w\" sizes=\"(max-width: 767px) 89vw, (max-width: 1000px) 54vw, (max-width: 1071px) 543px, 580px\" \/><\/figure>\n\n\n\n<figure class=\"wp-block-image size-large\"><img loading=\"lazy\" decoding=\"async\" width=\"1024\" height=\"576\" src=\"https:\/\/borisraoult.com\/wp-content\/uploads\/2024\/05\/Repentir5-1024x576.jpg\" alt=\"\" class=\"wp-image-278\" srcset=\"https:\/\/borisraoult.com\/wp-content\/uploads\/2024\/05\/Repentir5-1024x576.jpg 1024w, https:\/\/borisraoult.com\/wp-content\/uploads\/2024\/05\/Repentir5-300x169.jpg 300w, https:\/\/borisraoult.com\/wp-content\/uploads\/2024\/05\/Repentir5-768x432.jpg 768w, https:\/\/borisraoult.com\/wp-content\/uploads\/2024\/05\/Repentir5-1536x864.jpg 1536w, https:\/\/borisraoult.com\/wp-content\/uploads\/2024\/05\/Repentir5-2048x1152.jpg 2048w, https:\/\/borisraoult.com\/wp-content\/uploads\/2024\/05\/Repentir5-24x13.jpg 24w, https:\/\/borisraoult.com\/wp-content\/uploads\/2024\/05\/Repentir5-36x20.jpg 36w, https:\/\/borisraoult.com\/wp-content\/uploads\/2024\/05\/Repentir5-48x27.jpg 48w\" sizes=\"(max-width: 767px) 89vw, (max-width: 1000px) 54vw, (max-width: 1071px) 543px, 580px\" \/><\/figure>\n\n\n\n<p>Cette \u0153uvre se compose d&#8217;une s\u00e9rie de 5 tableaux. Tous sont le r\u00e9sultat d&#8217;un processus en trois \u00e9tapes : la s\u00e9lection d&#8217;une \u0153uvre peinte il y a plusieurs ann\u00e9es, la r\u00e9alisation de traits blancs sur la toile en question, et enfin l&#8217;application sur une partie de la toile d&#8217;un aplat fonc\u00e9.<\/p>\n\n\n\n<p>Les traits blancs sont disparates et irr\u00e9guliers. Ils n&#8217;ont pas tous la m\u00eame \u00e9paisseur. Les aplats sont imparfaits et non homog\u00e8nes, laissant voir les traits de pinceaux. Ils d\u00e9bordent parfois sur les bords de la toile. Enfin, des asp\u00e9rit\u00e9s appartenant aux \u0153uvres plus anciennes recouvertes sont parfois discernables au travers des aplats. Ces imperfections mettent en lumi\u00e8re les diff\u00e9rentes temporalit\u00e9s dans lesquelles la toile a \u00e9t\u00e9 travaill\u00e9e.<\/p>\n\n\n\n<p>Un repentir est en peinture l&#8217;alt\u00e9ration, pouvant aller jusqu&#8217;au recouvrement, d&#8217;une toile afin de la modifier en profondeur. Mais alors, il convient de se demander si le tableau a \u00e9t\u00e9 transform\u00e9, renouvel\u00e9, ou s&#8217;il s&#8217;agit d&#8217;un nouveau tableau. L\u2019\u0153uvre initiale, r\u00e9alis\u00e9e comme une premi\u00e8re \u00e9tape, est-elle encore pr\u00e9sente&nbsp;? Si oui, alors le repentir r\u00e9v\u00e8le visuellement la pr\u00e9sence de plusieurs tableaux au sein d&#8217;un m\u00eame espace. Et ce sont alors uniquement les valeurs des \u00e9l\u00e9ments processuels constitutifs du tableau qui permettent de structurer ce dernier.<\/p>\n","protected":false},"excerpt":{"rendered":"<p>Cette \u0153uvre se compose d&#8217;une s\u00e9rie de 5 tableaux. Tous sont le r\u00e9sultat d&#8217;un processus en trois \u00e9tapes : la s\u00e9lection d&#8217;une \u0153uvre peinte il y a plusieurs ann\u00e9es, la r\u00e9alisation de traits blancs sur la toile en question, et enfin l&#8217;application sur une partie de la toile d&#8217;un aplat fonc\u00e9. Les traits blancs sont &hellip; <\/p>\n<p class=\"link-more\"><a href=\"https:\/\/borisraoult.com\/index.php\/repentir\/\" class=\"more-link\">Continue reading<span class=\"screen-reader-text\"> &#8220;Repentir&#8221;<\/span><\/a><\/p>\n","protected":false},"author":1,"featured_media":0,"parent":0,"menu_order":0,"comment_status":"closed","ping_status":"closed","template":"","meta":{"footnotes":""},"_links":{"self":[{"href":"https:\/\/borisraoult.com\/index.php\/wp-json\/wp\/v2\/pages\/273"}],"collection":[{"href":"https:\/\/borisraoult.com\/index.php\/wp-json\/wp\/v2\/pages"}],"about":[{"href":"https:\/\/borisraoult.com\/index.php\/wp-json\/wp\/v2\/types\/page"}],"author":[{"embeddable":true,"href":"https:\/\/borisraoult.com\/index.php\/wp-json\/wp\/v2\/users\/1"}],"replies":[{"embeddable":true,"href":"https:\/\/borisraoult.com\/index.php\/wp-json\/wp\/v2\/comments?post=273"}],"version-history":[{"count":1,"href":"https:\/\/borisraoult.com\/index.php\/wp-json\/wp\/v2\/pages\/273\/revisions"}],"predecessor-version":[{"id":279,"href":"https:\/\/borisraoult.com\/index.php\/wp-json\/wp\/v2\/pages\/273\/revisions\/279"}],"wp:attachment":[{"href":"https:\/\/borisraoult.com\/index.php\/wp-json\/wp\/v2\/media?parent=273"}],"curies":[{"name":"wp","href":"https:\/\/api.w.org\/{rel}","templated":true}]}}