{"id":282,"date":"2024-05-26T11:52:11","date_gmt":"2024-05-26T09:52:11","guid":{"rendered":"https:\/\/borisraoult.com\/?page_id=282"},"modified":"2024-05-26T11:52:11","modified_gmt":"2024-05-26T09:52:11","slug":"infinite-de-portes","status":"publish","type":"page","link":"https:\/\/borisraoult.com\/index.php\/infinite-de-portes\/","title":{"rendered":"Infinit\u00e9 de portes"},"content":{"rendered":"\n<figure class=\"wp-block-image size-full is-resized\"><img loading=\"lazy\" decoding=\"async\" width=\"920\" height=\"896\" src=\"https:\/\/borisraoult.com\/wp-content\/uploads\/2024\/05\/base-Infinite-de-portes-png.png\" alt=\"\" class=\"wp-image-283\" style=\"width:674px;height:auto\" srcset=\"https:\/\/borisraoult.com\/wp-content\/uploads\/2024\/05\/base-Infinite-de-portes-png.png 920w, https:\/\/borisraoult.com\/wp-content\/uploads\/2024\/05\/base-Infinite-de-portes-png-300x292.png 300w, https:\/\/borisraoult.com\/wp-content\/uploads\/2024\/05\/base-Infinite-de-portes-png-768x748.png 768w, https:\/\/borisraoult.com\/wp-content\/uploads\/2024\/05\/base-Infinite-de-portes-png-24x24.png 24w, https:\/\/borisraoult.com\/wp-content\/uploads\/2024\/05\/base-Infinite-de-portes-png-36x36.png 36w, https:\/\/borisraoult.com\/wp-content\/uploads\/2024\/05\/base-Infinite-de-portes-png-48x48.png 48w\" sizes=\"(max-width: 767px) 89vw, (max-width: 1000px) 54vw, (max-width: 1071px) 543px, 580px\" \/><\/figure>\n\n\n\n<p>Cette \u0153uvre figure un espace compos\u00e9 d&#8217;un ensemble de cloisons en contreplaqu\u00e9 formant des pi\u00e8ces ferm\u00e9es par des portes anti-panique. Ces portes ne permettent le passage que dans un sens. Lorsque le spectateur est dans la construction, il peut \u00e0 chaque intersection sortir de l&#8217; \u0153uvre ou effectuer un parcours giratoire en ouvrant la porte \u00e0 sa droite.<\/p>\n\n\n\n<p>Le rapport du spectateur aux diff\u00e9rentes portes qu&#8217;il traverse est modifi\u00e9 \u00e0 chaque passage. Chaque porte n&#8217;est plus unique mais multiple, chacune est porteuse d&#8217;une infinit\u00e9. Le parcours du spectateur lui permet d&#8217;appr\u00e9hender sensiblement cette infinit\u00e9.<\/p>\n","protected":false},"excerpt":{"rendered":"<p>Cette \u0153uvre figure un espace compos\u00e9 d&#8217;un ensemble de cloisons en contreplaqu\u00e9 formant des pi\u00e8ces ferm\u00e9es par des portes anti-panique. Ces portes ne permettent le passage que dans un sens. Lorsque le spectateur est dans la construction, il peut \u00e0 chaque intersection sortir de l&#8217; \u0153uvre ou effectuer un parcours giratoire en ouvrant la porte &hellip; <\/p>\n<p class=\"link-more\"><a href=\"https:\/\/borisraoult.com\/index.php\/infinite-de-portes\/\" class=\"more-link\">Continue reading<span class=\"screen-reader-text\"> &#8220;Infinit\u00e9 de portes&#8221;<\/span><\/a><\/p>\n","protected":false},"author":1,"featured_media":0,"parent":0,"menu_order":0,"comment_status":"closed","ping_status":"closed","template":"","meta":{"footnotes":""},"_links":{"self":[{"href":"https:\/\/borisraoult.com\/index.php\/wp-json\/wp\/v2\/pages\/282"}],"collection":[{"href":"https:\/\/borisraoult.com\/index.php\/wp-json\/wp\/v2\/pages"}],"about":[{"href":"https:\/\/borisraoult.com\/index.php\/wp-json\/wp\/v2\/types\/page"}],"author":[{"embeddable":true,"href":"https:\/\/borisraoult.com\/index.php\/wp-json\/wp\/v2\/users\/1"}],"replies":[{"embeddable":true,"href":"https:\/\/borisraoult.com\/index.php\/wp-json\/wp\/v2\/comments?post=282"}],"version-history":[{"count":1,"href":"https:\/\/borisraoult.com\/index.php\/wp-json\/wp\/v2\/pages\/282\/revisions"}],"predecessor-version":[{"id":284,"href":"https:\/\/borisraoult.com\/index.php\/wp-json\/wp\/v2\/pages\/282\/revisions\/284"}],"wp:attachment":[{"href":"https:\/\/borisraoult.com\/index.php\/wp-json\/wp\/v2\/media?parent=282"}],"curies":[{"name":"wp","href":"https:\/\/api.w.org\/{rel}","templated":true}]}}