{"id":292,"date":"2025-03-16T13:47:21","date_gmt":"2025-03-16T12:47:21","guid":{"rendered":"https:\/\/borisraoult.com\/?page_id=292"},"modified":"2025-05-05T13:09:45","modified_gmt":"2025-05-05T11:09:45","slug":"pyramide-de-lyon-et-paysage-itineraire-dun-peintre-urbain","status":"publish","type":"page","link":"https:\/\/borisraoult.com\/index.php\/pyramide-de-lyon-et-paysage-itineraire-dun-peintre-urbain\/","title":{"rendered":"Pyramide de Lyon et paysage : Itin\u00e9raire d&#8217;un peintre urbain"},"content":{"rendered":"\n<p><br><\/p>\n\n\n\n<figure class=\"wp-block-image size-large\"><img loading=\"lazy\" decoding=\"async\" width=\"1024\" height=\"767\" src=\"https:\/\/borisraoult.com\/wp-content\/uploads\/2025\/05\/Pyramide-Prado-2025-1-1024x767.jpg\" alt=\"\" class=\"wp-image-319\" srcset=\"https:\/\/borisraoult.com\/wp-content\/uploads\/2025\/05\/Pyramide-Prado-2025-1-1024x767.jpg 1024w, https:\/\/borisraoult.com\/wp-content\/uploads\/2025\/05\/Pyramide-Prado-2025-1-300x225.jpg 300w, https:\/\/borisraoult.com\/wp-content\/uploads\/2025\/05\/Pyramide-Prado-2025-1-768x575.jpg 768w, https:\/\/borisraoult.com\/wp-content\/uploads\/2025\/05\/Pyramide-Prado-2025-1-24x18.jpg 24w, https:\/\/borisraoult.com\/wp-content\/uploads\/2025\/05\/Pyramide-Prado-2025-1-36x27.jpg 36w, https:\/\/borisraoult.com\/wp-content\/uploads\/2025\/05\/Pyramide-Prado-2025-1-48x36.jpg 48w, https:\/\/borisraoult.com\/wp-content\/uploads\/2025\/05\/Pyramide-Prado-2025-1.jpg 1392w\" sizes=\"(max-width: 767px) 89vw, (max-width: 1000px) 54vw, (max-width: 1071px) 543px, 580px\" \/><\/figure>\n\n\n\n<figure class=\"wp-block-image size-large\"><img loading=\"lazy\" decoding=\"async\" width=\"767\" height=\"1024\" src=\"https:\/\/borisraoult.com\/wp-content\/uploads\/2025\/05\/Pyramide-Prado-2025-2-767x1024.jpg\" alt=\"\" class=\"wp-image-320\" srcset=\"https:\/\/borisraoult.com\/wp-content\/uploads\/2025\/05\/Pyramide-Prado-2025-2-767x1024.jpg 767w, https:\/\/borisraoult.com\/wp-content\/uploads\/2025\/05\/Pyramide-Prado-2025-2-225x300.jpg 225w, https:\/\/borisraoult.com\/wp-content\/uploads\/2025\/05\/Pyramide-Prado-2025-2-768x1026.jpg 768w, https:\/\/borisraoult.com\/wp-content\/uploads\/2025\/05\/Pyramide-Prado-2025-2-18x24.jpg 18w, https:\/\/borisraoult.com\/wp-content\/uploads\/2025\/05\/Pyramide-Prado-2025-2-27x36.jpg 27w, https:\/\/borisraoult.com\/wp-content\/uploads\/2025\/05\/Pyramide-Prado-2025-2-36x48.jpg 36w, https:\/\/borisraoult.com\/wp-content\/uploads\/2025\/05\/Pyramide-Prado-2025-2.jpg 1042w\" sizes=\"(max-width: 767px) 89vw, (max-width: 1000px) 54vw, (max-width: 1071px) 543px, 580px\" \/><\/figure>\n\n\n\n<figure class=\"wp-block-image size-large\"><img loading=\"lazy\" decoding=\"async\" width=\"1024\" height=\"767\" src=\"https:\/\/borisraoult.com\/wp-content\/uploads\/2025\/05\/Pyramide-Prado-2025-3-1024x767.jpg\" alt=\"\" class=\"wp-image-321\" srcset=\"https:\/\/borisraoult.com\/wp-content\/uploads\/2025\/05\/Pyramide-Prado-2025-3-1024x767.jpg 1024w, https:\/\/borisraoult.com\/wp-content\/uploads\/2025\/05\/Pyramide-Prado-2025-3-300x225.jpg 300w, https:\/\/borisraoult.com\/wp-content\/uploads\/2025\/05\/Pyramide-Prado-2025-3-768x575.jpg 768w, https:\/\/borisraoult.com\/wp-content\/uploads\/2025\/05\/Pyramide-Prado-2025-3-24x18.jpg 24w, https:\/\/borisraoult.com\/wp-content\/uploads\/2025\/05\/Pyramide-Prado-2025-3-36x27.jpg 36w, https:\/\/borisraoult.com\/wp-content\/uploads\/2025\/05\/Pyramide-Prado-2025-3-48x36.jpg 48w, https:\/\/borisraoult.com\/wp-content\/uploads\/2025\/05\/Pyramide-Prado-2025-3.jpg 1392w\" sizes=\"(max-width: 767px) 89vw, (max-width: 1000px) 54vw, (max-width: 1071px) 543px, 580px\" \/><\/figure>\n\n\n\n<p>Avec Samuel Desbouys<\/p>\n\n\n\n<p><br>Retrouvez les oeuvres d&#8217;un artiste inspir\u00e9, subjugu\u00e9, perturb\u00e9. Il arpente et peint un Lyon des ann\u00e9es 2030-2060 marqu\u00e9 par la construction de la grande Pyramide de Lyon. Des documents d&#8217;\u00e9poque reviennent sur les \u00e9tapes les plus importantes de l&#8217;\u00e9mergence de ce monument unique et perdurable.<\/p>\n\n\n\n<figure class=\"wp-block-image size-large\"><img loading=\"lazy\" decoding=\"async\" width=\"827\" height=\"1024\" src=\"https:\/\/borisraoult.com\/wp-content\/uploads\/2025\/03\/Communication-Aux-Origines-affiche-Prado-2025-827x1024.jpg\" alt=\"\" class=\"wp-image-293\" srcset=\"https:\/\/borisraoult.com\/wp-content\/uploads\/2025\/03\/Communication-Aux-Origines-affiche-Prado-2025-827x1024.jpg 827w, https:\/\/borisraoult.com\/wp-content\/uploads\/2025\/03\/Communication-Aux-Origines-affiche-Prado-2025-242x300.jpg 242w, https:\/\/borisraoult.com\/wp-content\/uploads\/2025\/03\/Communication-Aux-Origines-affiche-Prado-2025-768x951.jpg 768w, https:\/\/borisraoult.com\/wp-content\/uploads\/2025\/03\/Communication-Aux-Origines-affiche-Prado-2025-1241x1536.jpg 1241w, https:\/\/borisraoult.com\/wp-content\/uploads\/2025\/03\/Communication-Aux-Origines-affiche-Prado-2025-1655x2048.jpg 1655w, https:\/\/borisraoult.com\/wp-content\/uploads\/2025\/03\/Communication-Aux-Origines-affiche-Prado-2025-19x24.jpg 19w, https:\/\/borisraoult.com\/wp-content\/uploads\/2025\/03\/Communication-Aux-Origines-affiche-Prado-2025-29x36.jpg 29w, https:\/\/borisraoult.com\/wp-content\/uploads\/2025\/03\/Communication-Aux-Origines-affiche-Prado-2025-39x48.jpg 39w\" sizes=\"(max-width: 767px) 89vw, (max-width: 1000px) 54vw, (max-width: 1071px) 543px, 580px\" \/><\/figure>\n\n\n\n<p>Prolongation Juin 2025<\/p>\n","protected":false},"excerpt":{"rendered":"<p>Avec Samuel Desbouys Retrouvez les oeuvres d&#8217;un artiste inspir\u00e9, subjugu\u00e9, perturb\u00e9. Il arpente et peint un Lyon des ann\u00e9es 2030-2060 marqu\u00e9 par la construction de la grande Pyramide de Lyon. Des documents d&#8217;\u00e9poque reviennent sur les \u00e9tapes les plus importantes de l&#8217;\u00e9mergence de ce monument unique et perdurable. Prolongation Juin 2025<\/p>\n","protected":false},"author":1,"featured_media":0,"parent":0,"menu_order":0,"comment_status":"closed","ping_status":"closed","template":"","meta":{"footnotes":""},"_links":{"self":[{"href":"https:\/\/borisraoult.com\/index.php\/wp-json\/wp\/v2\/pages\/292"}],"collection":[{"href":"https:\/\/borisraoult.com\/index.php\/wp-json\/wp\/v2\/pages"}],"about":[{"href":"https:\/\/borisraoult.com\/index.php\/wp-json\/wp\/v2\/types\/page"}],"author":[{"embeddable":true,"href":"https:\/\/borisraoult.com\/index.php\/wp-json\/wp\/v2\/users\/1"}],"replies":[{"embeddable":true,"href":"https:\/\/borisraoult.com\/index.php\/wp-json\/wp\/v2\/comments?post=292"}],"version-history":[{"count":3,"href":"https:\/\/borisraoult.com\/index.php\/wp-json\/wp\/v2\/pages\/292\/revisions"}],"predecessor-version":[{"id":322,"href":"https:\/\/borisraoult.com\/index.php\/wp-json\/wp\/v2\/pages\/292\/revisions\/322"}],"wp:attachment":[{"href":"https:\/\/borisraoult.com\/index.php\/wp-json\/wp\/v2\/media?parent=292"}],"curies":[{"name":"wp","href":"https:\/\/api.w.org\/{rel}","templated":true}]}}