{"id":33,"date":"2018-01-20T14:59:26","date_gmt":"2018-01-20T13:59:26","guid":{"rendered":"http:\/\/borisraoult.com\/?page_id=33"},"modified":"2025-04-09T18:25:45","modified_gmt":"2025-04-09T16:25:45","slug":"demarche","status":"publish","type":"page","link":"https:\/\/borisraoult.com\/index.php\/demarche\/","title":{"rendered":""},"content":{"rendered":"<p align=\"JUSTIFY\"><span style=\"font-family: Arial, sans-serif;\"><span style=\"font-size: x-large;\">Je suis un artiste conceptuel. Ma d\u00e9marche artistique s&#8217;inscrit dans un travail de pens\u00e9e. Je cherche \u00e0 cr\u00e9er les conditions de la r\u00e9flexion \u00e0 travers mes \u0153uvres.<\/span><\/span><\/p>\n<p align=\"JUSTIFY\"><span style=\"font-family: Arial, sans-serif;\"><span style=\"font-size: x-large;\">Toutes mes cr\u00e9ations s&#8217;int\u00e9ressent \u00e0 la notion de Valeur des Choses. Je travaille \u00e9galement sur les D\u00e9finitions, la monumentalit\u00e9, l&#8217;infini et l&#8217;abstraction.<\/span><\/span><\/p>\n<p align=\"JUSTIFY\"><span style=\"font-family: Arial, sans-serif;\"><span style=\"font-size: x-large;\">Mes \u0153uvres interrogent et promeuvent les concepts et notions qui int\u00e9ressent mon travail de pens\u00e9e. Elles sont des supports, des exp\u00e9riences, de pens\u00e9e.<\/span><\/span><\/p>\n","protected":false},"excerpt":{"rendered":"<p>Je suis un artiste conceptuel. Ma d\u00e9marche artistique s&#8217;inscrit dans un travail de pens\u00e9e. Je cherche \u00e0 cr\u00e9er les conditions de la r\u00e9flexion \u00e0 travers mes \u0153uvres. Toutes mes cr\u00e9ations s&#8217;int\u00e9ressent \u00e0 la notion de Valeur des Choses. Je travaille \u00e9galement sur les D\u00e9finitions, la monumentalit\u00e9, l&#8217;infini et l&#8217;abstraction. Mes \u0153uvres interrogent et promeuvent les &hellip; <\/p>\n<p class=\"link-more\"><a href=\"https:\/\/borisraoult.com\/index.php\/demarche\/\" class=\"more-link\">Continue reading<span class=\"screen-reader-text\"> &#8220;&#8221;<\/span><\/a><\/p>\n","protected":false},"author":1,"featured_media":0,"parent":0,"menu_order":0,"comment_status":"closed","ping_status":"closed","template":"","meta":{"footnotes":""},"_links":{"self":[{"href":"https:\/\/borisraoult.com\/index.php\/wp-json\/wp\/v2\/pages\/33"}],"collection":[{"href":"https:\/\/borisraoult.com\/index.php\/wp-json\/wp\/v2\/pages"}],"about":[{"href":"https:\/\/borisraoult.com\/index.php\/wp-json\/wp\/v2\/types\/page"}],"author":[{"embeddable":true,"href":"https:\/\/borisraoult.com\/index.php\/wp-json\/wp\/v2\/users\/1"}],"replies":[{"embeddable":true,"href":"https:\/\/borisraoult.com\/index.php\/wp-json\/wp\/v2\/comments?post=33"}],"version-history":[{"count":12,"href":"https:\/\/borisraoult.com\/index.php\/wp-json\/wp\/v2\/pages\/33\/revisions"}],"predecessor-version":[{"id":308,"href":"https:\/\/borisraoult.com\/index.php\/wp-json\/wp\/v2\/pages\/33\/revisions\/308"}],"wp:attachment":[{"href":"https:\/\/borisraoult.com\/index.php\/wp-json\/wp\/v2\/media?parent=33"}],"curies":[{"name":"wp","href":"https:\/\/api.w.org\/{rel}","templated":true}]}}